{"id":1706,"date":"2023-01-23T13:47:24","date_gmt":"2023-01-23T18:47:24","guid":{"rendered":"https:\/\/bphcanada.com\/?page_id=1706"},"modified":"2024-09-26T15:21:37","modified_gmt":"2024-09-26T20:21:37","slug":"consultation","status":"publish","type":"page","link":"https:\/\/bphcanada.com\/fr\/consultation\/","title":{"rendered":"Consultation"},"content":{"rendered":"\t\t<div data-elementor-type=\"wp-page\" data-elementor-id=\"1706\" class=\"elementor elementor-1706 elementor-23\" data-elementor-post-type=\"page\">\n\t\t\t\t\t\t<section class=\"elementor-section elementor-top-section elementor-element elementor-element-d5da533 elementor-section-boxed elementor-section-height-default elementor-section-height-default\" data-id=\"d5da533\" data-element_type=\"section\" data-e-type=\"section\" data-settings=\"{&quot;background_background&quot;:&quot;classic&quot;}\">\n\t\t\t\t\t\t\t<div class=\"elementor-background-overlay\"><\/div>\n\t\t\t\t\t\t\t<div class=\"elementor-container elementor-column-gap-default\">\n\t\t\t\t\t<div class=\"elementor-column elementor-col-100 elementor-top-column elementor-element elementor-element-2d238f3\" data-id=\"2d238f3\" data-element_type=\"column\" data-e-type=\"column\">\n\t\t\t<div class=\"elementor-widget-wrap elementor-element-populated\">\n\t\t\t\t\t\t<section class=\"elementor-section elementor-inner-section elementor-element elementor-element-2a6209a elementor-section-full_width elementor-section-height-default elementor-section-height-default\" data-id=\"2a6209a\" data-element_type=\"section\" data-e-type=\"section\">\n\t\t\t\t\t\t<div class=\"elementor-container elementor-column-gap-default\">\n\t\t\t\t\t<div class=\"elementor-column elementor-col-100 elementor-inner-column elementor-element elementor-element-bfa9c77\" data-id=\"bfa9c77\" data-element_type=\"column\" data-e-type=\"column\">\n\t\t\t<div class=\"elementor-widget-wrap elementor-element-populated\">\n\t\t\t\t\t\t<div class=\"elementor-element elementor-element-fa99d0d elementor-widget elementor-widget-heading\" data-id=\"fa99d0d\" data-element_type=\"widget\" data-e-type=\"widget\" data-widget_type=\"heading.default\">\n\t\t\t\t<div class=\"elementor-widget-container\">\n\t\t\t\t\t<p class=\"elementor-heading-title elementor-size-default\">CONSULTATION<\/p>\t\t\t\t<\/div>\n\t\t\t\t<\/div>\n\t\t\t\t<div class=\"elementor-element elementor-element-027cb52 elementor-widget elementor-widget-heading\" data-id=\"027cb52\" data-element_type=\"widget\" data-e-type=\"widget\" data-widget_type=\"heading.default\">\n\t\t\t\t<div class=\"elementor-widget-container\">\n\t\t\t\t\t<h1 class=\"elementor-heading-title elementor-size-default\">Prendre rendez-vous avec Dr Zorn<\/h1>\t\t\t\t<\/div>\n\t\t\t\t<\/div>\n\t\t\t\t\t<\/div>\n\t\t<\/div>\n\t\t\t\t\t<\/div>\n\t\t<\/section>\n\t\t\t\t\t<\/div>\n\t\t<\/div>\n\t\t\t\t\t<\/div>\n\t\t<\/section>\n\t\t\t\t<section class=\"elementor-section elementor-top-section elementor-element elementor-element-993f2bf elementor-section-boxed elementor-section-height-default elementor-section-height-default\" data-id=\"993f2bf\" data-element_type=\"section\" data-e-type=\"section\">\n\t\t\t\t\t\t<div class=\"elementor-container elementor-column-gap-default\">\n\t\t\t\t\t<div class=\"elementor-column elementor-col-100 elementor-top-column elementor-element elementor-element-85646c0\" data-id=\"85646c0\" data-element_type=\"column\" data-e-type=\"column\">\n\t\t\t<div class=\"elementor-widget-wrap elementor-element-populated\">\n\t\t\t\t\t\t<section class=\"elementor-section elementor-inner-section elementor-element elementor-element-62eef6f elementor-section-full_width elementor-section-height-default elementor-section-height-default\" data-id=\"62eef6f\" data-element_type=\"section\" data-e-type=\"section\">\n\t\t\t\t\t\t<div class=\"elementor-container elementor-column-gap-default\">\n\t\t\t\t\t<div class=\"elementor-column elementor-col-50 elementor-inner-column elementor-element elementor-element-bd1e56b\" data-id=\"bd1e56b\" data-element_type=\"column\" data-e-type=\"column\">\n\t\t\t<div class=\"elementor-widget-wrap elementor-element-populated\">\n\t\t\t\t\t\t<div class=\"elementor-element elementor-element-f6a07b0 elementor-widget elementor-widget-text-editor\" data-id=\"f6a07b0\" data-element_type=\"widget\" data-e-type=\"widget\" data-widget_type=\"text-editor.default\">\n\t\t\t\t<div class=\"elementor-widget-container\">\n\t\t\t\t\t\t\t\t\t<p>Merci de bien vouloir remplir le formulaire ci-dessous. Nous vous contacterons sous peu pour confirmer un rendez-vous ou r\u00e9pondre \u00e0 vos questions.<\/p><p>Merci.<\/p>\t\t\t\t\t\t\t\t<\/div>\n\t\t\t\t<\/div>\n\t\t\t\t\t<\/div>\n\t\t<\/div>\n\t\t\t\t<div class=\"elementor-column elementor-col-50 elementor-inner-column elementor-element elementor-element-4254644\" data-id=\"4254644\" data-element_type=\"column\" data-e-type=\"column\">\n\t\t\t<div class=\"elementor-widget-wrap elementor-element-populated\">\n\t\t\t\t\t\t<div class=\"elementor-element elementor-element-9c6459e elementor-widget elementor-widget-text-editor\" data-id=\"9c6459e\" data-element_type=\"widget\" data-e-type=\"widget\" data-widget_type=\"text-editor.default\">\n\t\t\t\t<div class=\"elementor-widget-container\">\n\t\t\t\t\t\t\t\t\t    <iframe\n      id=\"JotFormIFrame-242685656827977\"\n      title=\"BPH Canada - Contact Form (French)\"\n      onload=\"window.parent.scrollTo(0,0)\"\n      allowtransparency=\"true\"\n      allow=\"geolocation; microphone; camera; fullscreen\"\n      src=\"https:\/\/forms.liine.com\/242685656827977\"\n      frameborder=\"0\"\n      style=\"min-width:100%;max-width:100%;height:539px;border:none;\"\n      scrolling=\"no\"\n    >\n    <\/iframe>\n    <script src='https:\/\/forms.liine.com\/s\/umd\/latest\/for-form-embed-handler.js'><\/script>\n    <script>window.jotformEmbedHandler(\"iframe[id='JotFormIFrame-242685656827977']\", \"https:\/\/forms.liine.com\/\")<\/script>\n    \t\t\t\t\t\t\t\t<\/div>\n\t\t\t\t<\/div>\n\t\t\t\t\t<\/div>\n\t\t<\/div>\n\t\t\t\t\t<\/div>\n\t\t<\/section>\n\t\t\t\t\t<\/div>\n\t\t<\/div>\n\t\t\t\t\t<\/div>\n\t\t<\/section>\n\t\t\t\t<\/div>\n\t\t","protected":false},"excerpt":{"rendered":"<p>CONSULTATION Prendre rendez-vous avec Dr Zorn Merci de bien vouloir remplir le formulaire ci-dessous. Nous vous contacterons sous peu pour confirmer un rendez-vous ou r\u00e9pondre \u00e0 vos questions. Merci.<\/p>\n","protected":false},"author":1,"featured_media":0,"parent":0,"menu_order":0,"comment_status":"closed","ping_status":"closed","template":"elementor_header_footer","meta":{"footnotes":""},"class_list":["post-1706","page","type-page","status-publish","hentry"],"yoast_head":"<!-- This site is optimized with the Yoast SEO plugin v27.5 - https:\/\/yoast.com\/product\/yoast-seo-wordpress\/ -->\n<title>Prendre une consultation - Montr\u00e9al, QC<\/title>\n<meta name=\"description\" content=\"R\u00e9servez votre consultation en ligne ou appelez-nous pour prendre rdv avec nos urologues exp\u00e9riment\u00e9s. Situ\u00e9 \u00e0 Montr\u00e9al, QC.\" \/>\n<meta name=\"robots\" content=\"index, follow, max-snippet:-1, max-image-preview:large, max-video-preview:-1\" \/>\n<link rel=\"canonical\" href=\"https:\/\/bphcanada.com\/fr\/consultation\/\" \/>\n<meta property=\"og:locale\" content=\"fr_FR\" \/>\n<meta property=\"og:type\" content=\"article\" \/>\n<meta property=\"og:title\" content=\"Prendre une consultation - Montr\u00e9al, QC\" \/>\n<meta property=\"og:description\" content=\"R\u00e9servez votre consultation en ligne ou appelez-nous pour prendre rdv avec nos urologues exp\u00e9riment\u00e9s. Situ\u00e9 \u00e0 Montr\u00e9al, QC.\" \/>\n<meta property=\"og:url\" content=\"https:\/\/bphcanada.com\/fr\/consultation\/\" \/>\n<meta property=\"og:site_name\" content=\"BPH Canada\" \/>\n<meta property=\"article:modified_time\" content=\"2024-09-26T20:21:37+00:00\" \/>\n<meta name=\"twitter:card\" content=\"summary_large_image\" \/>\n<meta name=\"twitter:label1\" content=\"Dur\u00e9e de lecture estim\u00e9e\" \/>\n\t<meta name=\"twitter:data1\" content=\"1 minute\" \/>\n<script type=\"application\/ld+json\" class=\"yoast-schema-graph\">{\"@context\":\"https:\\\/\\\/schema.org\",\"@graph\":[{\"@type\":\"WebPage\",\"@id\":\"https:\\\/\\\/bphcanada.com\\\/fr\\\/consultation\\\/\",\"url\":\"https:\\\/\\\/bphcanada.com\\\/fr\\\/consultation\\\/\",\"name\":\"Prendre une consultation - Montr\u00e9al, QC\",\"isPartOf\":{\"@id\":\"https:\\\/\\\/bphcanada.com\\\/fr\\\/#website\"},\"datePublished\":\"2023-01-23T18:47:24+00:00\",\"dateModified\":\"2024-09-26T20:21:37+00:00\",\"description\":\"R\u00e9servez votre consultation en ligne ou appelez-nous pour prendre rdv avec nos urologues exp\u00e9riment\u00e9s. Situ\u00e9 \u00e0 Montr\u00e9al, QC.\",\"breadcrumb\":{\"@id\":\"https:\\\/\\\/bphcanada.com\\\/fr\\\/consultation\\\/#breadcrumb\"},\"inLanguage\":\"fr-FR\",\"potentialAction\":[{\"@type\":\"ReadAction\",\"target\":[\"https:\\\/\\\/bphcanada.com\\\/fr\\\/consultation\\\/\"]}]},{\"@type\":\"BreadcrumbList\",\"@id\":\"https:\\\/\\\/bphcanada.com\\\/fr\\\/consultation\\\/#breadcrumb\",\"itemListElement\":[{\"@type\":\"ListItem\",\"position\":1,\"name\":\"Accueil\",\"item\":\"https:\\\/\\\/bphcanada.com\\\/fr\\\/\"},{\"@type\":\"ListItem\",\"position\":2,\"name\":\"Consultation\"}]},{\"@type\":\"WebSite\",\"@id\":\"https:\\\/\\\/bphcanada.com\\\/fr\\\/#website\",\"url\":\"https:\\\/\\\/bphcanada.com\\\/fr\\\/\",\"name\":\"BPH Canada\",\"description\":\"BPH Canada\",\"publisher\":{\"@id\":\"https:\\\/\\\/bphcanada.com\\\/fr\\\/#organization\"},\"potentialAction\":[{\"@type\":\"SearchAction\",\"target\":{\"@type\":\"EntryPoint\",\"urlTemplate\":\"https:\\\/\\\/bphcanada.com\\\/fr\\\/?s={search_term_string}\"},\"query-input\":{\"@type\":\"PropertyValueSpecification\",\"valueRequired\":true,\"valueName\":\"search_term_string\"}}],\"inLanguage\":\"fr-FR\"},{\"@type\":\"Organization\",\"@id\":\"https:\\\/\\\/bphcanada.com\\\/fr\\\/#organization\",\"name\":\"BPH Canada Clinic\",\"url\":\"https:\\\/\\\/bphcanada.com\\\/fr\\\/\",\"logo\":{\"@type\":\"ImageObject\",\"inLanguage\":\"fr-FR\",\"@id\":\"https:\\\/\\\/bphcanada.com\\\/fr\\\/#\\\/schema\\\/logo\\\/image\\\/\",\"url\":\"https:\\\/\\\/bphcanada.com\\\/wp-content\\\/uploads\\\/2023\\\/01\\\/BPH-Logo_Color.svg\",\"contentUrl\":\"https:\\\/\\\/bphcanada.com\\\/wp-content\\\/uploads\\\/2023\\\/01\\\/BPH-Logo_Color.svg\",\"width\":791,\"height\":168,\"caption\":\"BPH Canada Clinic\"},\"image\":{\"@id\":\"https:\\\/\\\/bphcanada.com\\\/fr\\\/#\\\/schema\\\/logo\\\/image\\\/\"}}]}<\/script>\n<!-- \/ Yoast SEO plugin. -->","yoast_head_json":{"title":"Prendre une consultation - Montr\u00e9al, QC","description":"R\u00e9servez votre consultation en ligne ou appelez-nous pour prendre rdv avec nos urologues exp\u00e9riment\u00e9s. Situ\u00e9 \u00e0 Montr\u00e9al, QC.","robots":{"index":"index","follow":"follow","max-snippet":"max-snippet:-1","max-image-preview":"max-image-preview:large","max-video-preview":"max-video-preview:-1"},"canonical":"https:\/\/bphcanada.com\/fr\/consultation\/","og_locale":"fr_FR","og_type":"article","og_title":"Prendre une consultation - Montr\u00e9al, QC","og_description":"R\u00e9servez votre consultation en ligne ou appelez-nous pour prendre rdv avec nos urologues exp\u00e9riment\u00e9s. Situ\u00e9 \u00e0 Montr\u00e9al, QC.","og_url":"https:\/\/bphcanada.com\/fr\/consultation\/","og_site_name":"BPH Canada","article_modified_time":"2024-09-26T20:21:37+00:00","twitter_card":"summary_large_image","twitter_misc":{"Dur\u00e9e de lecture estim\u00e9e":"1 minute"},"schema":{"@context":"https:\/\/schema.org","@graph":[{"@type":"WebPage","@id":"https:\/\/bphcanada.com\/fr\/consultation\/","url":"https:\/\/bphcanada.com\/fr\/consultation\/","name":"Prendre une consultation - Montr\u00e9al, QC","isPartOf":{"@id":"https:\/\/bphcanada.com\/fr\/#website"},"datePublished":"2023-01-23T18:47:24+00:00","dateModified":"2024-09-26T20:21:37+00:00","description":"R\u00e9servez votre consultation en ligne ou appelez-nous pour prendre rdv avec nos urologues exp\u00e9riment\u00e9s. Situ\u00e9 \u00e0 Montr\u00e9al, QC.","breadcrumb":{"@id":"https:\/\/bphcanada.com\/fr\/consultation\/#breadcrumb"},"inLanguage":"fr-FR","potentialAction":[{"@type":"ReadAction","target":["https:\/\/bphcanada.com\/fr\/consultation\/"]}]},{"@type":"BreadcrumbList","@id":"https:\/\/bphcanada.com\/fr\/consultation\/#breadcrumb","itemListElement":[{"@type":"ListItem","position":1,"name":"Accueil","item":"https:\/\/bphcanada.com\/fr\/"},{"@type":"ListItem","position":2,"name":"Consultation"}]},{"@type":"WebSite","@id":"https:\/\/bphcanada.com\/fr\/#website","url":"https:\/\/bphcanada.com\/fr\/","name":"BPH Canada","description":"BPH Canada","publisher":{"@id":"https:\/\/bphcanada.com\/fr\/#organization"},"potentialAction":[{"@type":"SearchAction","target":{"@type":"EntryPoint","urlTemplate":"https:\/\/bphcanada.com\/fr\/?s={search_term_string}"},"query-input":{"@type":"PropertyValueSpecification","valueRequired":true,"valueName":"search_term_string"}}],"inLanguage":"fr-FR"},{"@type":"Organization","@id":"https:\/\/bphcanada.com\/fr\/#organization","name":"BPH Canada Clinic","url":"https:\/\/bphcanada.com\/fr\/","logo":{"@type":"ImageObject","inLanguage":"fr-FR","@id":"https:\/\/bphcanada.com\/fr\/#\/schema\/logo\/image\/","url":"https:\/\/bphcanada.com\/wp-content\/uploads\/2023\/01\/BPH-Logo_Color.svg","contentUrl":"https:\/\/bphcanada.com\/wp-content\/uploads\/2023\/01\/BPH-Logo_Color.svg","width":791,"height":168,"caption":"BPH Canada Clinic"},"image":{"@id":"https:\/\/bphcanada.com\/fr\/#\/schema\/logo\/image\/"}}]}},"_links":{"self":[{"href":"https:\/\/bphcanada.com\/fr\/wp-json\/wp\/v2\/pages\/1706","targetHints":{"allow":["GET"]}}],"collection":[{"href":"https:\/\/bphcanada.com\/fr\/wp-json\/wp\/v2\/pages"}],"about":[{"href":"https:\/\/bphcanada.com\/fr\/wp-json\/wp\/v2\/types\/page"}],"author":[{"embeddable":true,"href":"https:\/\/bphcanada.com\/fr\/wp-json\/wp\/v2\/users\/1"}],"replies":[{"embeddable":true,"href":"https:\/\/bphcanada.com\/fr\/wp-json\/wp\/v2\/comments?post=1706"}],"version-history":[{"count":20,"href":"https:\/\/bphcanada.com\/fr\/wp-json\/wp\/v2\/pages\/1706\/revisions"}],"predecessor-version":[{"id":5793,"href":"https:\/\/bphcanada.com\/fr\/wp-json\/wp\/v2\/pages\/1706\/revisions\/5793"}],"wp:attachment":[{"href":"https:\/\/bphcanada.com\/fr\/wp-json\/wp\/v2\/media?parent=1706"}],"curies":[{"name":"wp","href":"https:\/\/api.w.org\/{rel}","templated":true}]}}