{"id":1880,"date":"2023-01-23T13:54:44","date_gmt":"2023-01-23T13:54:44","guid":{"rendered":"https:\/\/bphcanada.com\/?page_id=1880"},"modified":"2023-04-14T20:57:54","modified_gmt":"2023-04-14T20:57:54","slug":"symptomes-questionnaire-contact-merci","status":"publish","type":"page","link":"https:\/\/bphcanada.com\/fr\/symptomes-questionnaire-contact-merci\/","title":{"rendered":"SYMPTOM QUIZ CONTACT THANKS FR"},"content":{"rendered":"\t\t<div data-elementor-type=\"wp-page\" data-elementor-id=\"1880\" class=\"elementor elementor-1880 elementor-33\" data-elementor-post-type=\"page\">\n\t\t\t\t\t\t<section class=\"elementor-section elementor-top-section elementor-element elementor-element-963328e elementor-section-boxed elementor-section-height-default elementor-section-height-default\" data-id=\"963328e\" data-element_type=\"section\" data-e-type=\"section\">\n\t\t\t\t\t\t<div class=\"elementor-container elementor-column-gap-default\">\n\t\t\t\t\t<div class=\"elementor-column elementor-col-100 elementor-top-column elementor-element elementor-element-46fe0a8\" data-id=\"46fe0a8\" data-element_type=\"column\" data-e-type=\"column\">\n\t\t\t<div class=\"elementor-widget-wrap elementor-element-populated\">\n\t\t\t\t\t\t<section class=\"elementor-section elementor-inner-section elementor-element elementor-element-5e172b1 elementor-section-full_width elementor-section-height-default elementor-section-height-default\" data-id=\"5e172b1\" data-element_type=\"section\" data-e-type=\"section\">\n\t\t\t\t\t\t<div class=\"elementor-container elementor-column-gap-default\">\n\t\t\t\t\t<div class=\"elementor-column elementor-col-50 elementor-inner-column elementor-element elementor-element-dfe72f8\" data-id=\"dfe72f8\" data-element_type=\"column\" data-e-type=\"column\">\n\t\t\t<div class=\"elementor-widget-wrap elementor-element-populated\">\n\t\t\t\t\t\t<div class=\"elementor-element elementor-element-611a15c elementor-widget elementor-widget-heading\" data-id=\"611a15c\" data-element_type=\"widget\" data-e-type=\"widget\" data-widget_type=\"heading.default\">\n\t\t\t\t<div class=\"elementor-widget-container\">\n\t\t\t\t\t<h1 class=\"elementor-heading-title elementor-size-default\">Merci<\/h1>\t\t\t\t<\/div>\n\t\t\t\t<\/div>\n\t\t\t\t<div class=\"elementor-element elementor-element-a6e73e3 elementor-widget elementor-widget-text-editor\" data-id=\"a6e73e3\" data-element_type=\"widget\" data-e-type=\"widget\" data-widget_type=\"text-editor.default\">\n\t\t\t\t<div class=\"elementor-widget-container\">\n\t\t\t\t\t\t\t\t\t<p>Merci d\u2019avoir rempli le questionnaire IPSS.<\/p><p>Vous recevrez sous peu un courriel contenant vos r\u00e9sultats.<\/p><p>Nous vous contacterons ult\u00e9rieurement pour r\u00e9pondre \u00e0 toutes vos questions.<\/p>\t\t\t\t\t\t\t\t<\/div>\n\t\t\t\t<\/div>\n\t\t\t\t\t<\/div>\n\t\t<\/div>\n\t\t\t\t<div class=\"elementor-column elementor-col-50 elementor-inner-column elementor-element elementor-element-aa6e2cd\" data-id=\"aa6e2cd\" data-element_type=\"column\" data-e-type=\"column\">\n\t\t\t<div class=\"elementor-widget-wrap\">\n\t\t\t\t\t\t\t<\/div>\n\t\t<\/div>\n\t\t\t\t\t<\/div>\n\t\t<\/section>\n\t\t\t\t\t<\/div>\n\t\t<\/div>\n\t\t\t\t\t<\/div>\n\t\t<\/section>\n\t\t\t\t<\/div>\n\t\t","protected":false},"excerpt":{"rendered":"<p>Merci Merci d\u2019avoir rempli le questionnaire IPSS. Vous recevrez sous peu un courriel contenant vos r\u00e9sultats. Nous vous contacterons ult\u00e9rieurement pour r\u00e9pondre \u00e0 toutes vos questions.<\/p>\n","protected":false},"author":1,"featured_media":0,"parent":0,"menu_order":0,"comment_status":"closed","ping_status":"closed","template":"elementor_header_footer","meta":{"footnotes":""},"class_list":["post-1880","page","type-page","status-publish","hentry"],"yoast_head":"<!-- This site is optimized with the Yoast SEO plugin v27.2 - https:\/\/yoast.com\/product\/yoast-seo-wordpress\/ -->\n<title>Merci<\/title>\n<meta name=\"description\" content=\"Merci\" \/>\n<meta name=\"robots\" content=\"index, follow, max-snippet:-1, max-image-preview:large, max-video-preview:-1\" \/>\n<link rel=\"canonical\" href=\"https:\/\/bphcanada.com\/fr\/symptomes-questionnaire-contact-merci\/\" \/>\n<meta property=\"og:locale\" content=\"fr_FR\" \/>\n<meta property=\"og:type\" content=\"article\" \/>\n<meta property=\"og:title\" content=\"Merci\" \/>\n<meta property=\"og:description\" content=\"Merci\" \/>\n<meta property=\"og:url\" content=\"https:\/\/bphcanada.com\/fr\/symptomes-questionnaire-contact-merci\/\" \/>\n<meta property=\"og:site_name\" content=\"BPH Canada\" \/>\n<meta property=\"article:modified_time\" content=\"2023-04-14T20:57:54+00:00\" \/>\n<meta name=\"twitter:card\" content=\"summary_large_image\" \/>\n<meta name=\"twitter:label1\" content=\"Dur\u00e9e de lecture estim\u00e9e\" \/>\n\t<meta name=\"twitter:data1\" content=\"1 minute\" \/>\n<script type=\"application\/ld+json\" class=\"yoast-schema-graph\">{\"@context\":\"https:\/\/schema.org\",\"@graph\":[{\"@type\":\"WebPage\",\"@id\":\"https:\/\/bphcanada.com\/fr\/symptomes-questionnaire-contact-merci\/\",\"url\":\"https:\/\/bphcanada.com\/fr\/symptomes-questionnaire-contact-merci\/\",\"name\":\"Merci\",\"isPartOf\":{\"@id\":\"https:\/\/bphcanada.com\/fr\/#website\"},\"datePublished\":\"2023-01-23T13:54:44+00:00\",\"dateModified\":\"2023-04-14T20:57:54+00:00\",\"description\":\"Merci\",\"breadcrumb\":{\"@id\":\"https:\/\/bphcanada.com\/fr\/symptomes-questionnaire-contact-merci\/#breadcrumb\"},\"inLanguage\":\"fr-FR\",\"potentialAction\":[{\"@type\":\"ReadAction\",\"target\":[\"https:\/\/bphcanada.com\/fr\/symptomes-questionnaire-contact-merci\/\"]}]},{\"@type\":\"BreadcrumbList\",\"@id\":\"https:\/\/bphcanada.com\/fr\/symptomes-questionnaire-contact-merci\/#breadcrumb\",\"itemListElement\":[{\"@type\":\"ListItem\",\"position\":1,\"name\":\"Accueil\",\"item\":\"https:\/\/bphcanada.com\/fr\/\"},{\"@type\":\"ListItem\",\"position\":2,\"name\":\"SYMPTOM QUIZ CONTACT THANKS FR\"}]},{\"@type\":\"WebSite\",\"@id\":\"https:\/\/bphcanada.com\/fr\/#website\",\"url\":\"https:\/\/bphcanada.com\/fr\/\",\"name\":\"BPH Canada\",\"description\":\"BPH Canada\",\"publisher\":{\"@id\":\"https:\/\/bphcanada.com\/fr\/#organization\"},\"potentialAction\":[{\"@type\":\"SearchAction\",\"target\":{\"@type\":\"EntryPoint\",\"urlTemplate\":\"https:\/\/bphcanada.com\/fr\/?s={search_term_string}\"},\"query-input\":{\"@type\":\"PropertyValueSpecification\",\"valueRequired\":true,\"valueName\":\"search_term_string\"}}],\"inLanguage\":\"fr-FR\"},{\"@type\":\"Organization\",\"@id\":\"https:\/\/bphcanada.com\/fr\/#organization\",\"name\":\"BPH Canada Clinic\",\"url\":\"https:\/\/bphcanada.com\/fr\/\",\"logo\":{\"@type\":\"ImageObject\",\"inLanguage\":\"fr-FR\",\"@id\":\"https:\/\/bphcanada.com\/fr\/#\/schema\/logo\/image\/\",\"url\":\"https:\/\/bphcanada.com\/wp-content\/uploads\/2023\/01\/BPH-Logo_Color.svg\",\"contentUrl\":\"https:\/\/bphcanada.com\/wp-content\/uploads\/2023\/01\/BPH-Logo_Color.svg\",\"width\":791,\"height\":168,\"caption\":\"BPH Canada Clinic\"},\"image\":{\"@id\":\"https:\/\/bphcanada.com\/fr\/#\/schema\/logo\/image\/\"}}]}<\/script>\n<!-- \/ Yoast SEO plugin. -->","yoast_head_json":{"title":"Merci","description":"Merci","robots":{"index":"index","follow":"follow","max-snippet":"max-snippet:-1","max-image-preview":"max-image-preview:large","max-video-preview":"max-video-preview:-1"},"canonical":"https:\/\/bphcanada.com\/fr\/symptomes-questionnaire-contact-merci\/","og_locale":"fr_FR","og_type":"article","og_title":"Merci","og_description":"Merci","og_url":"https:\/\/bphcanada.com\/fr\/symptomes-questionnaire-contact-merci\/","og_site_name":"BPH Canada","article_modified_time":"2023-04-14T20:57:54+00:00","twitter_card":"summary_large_image","twitter_misc":{"Dur\u00e9e de lecture estim\u00e9e":"1 minute"},"schema":{"@context":"https:\/\/schema.org","@graph":[{"@type":"WebPage","@id":"https:\/\/bphcanada.com\/fr\/symptomes-questionnaire-contact-merci\/","url":"https:\/\/bphcanada.com\/fr\/symptomes-questionnaire-contact-merci\/","name":"Merci","isPartOf":{"@id":"https:\/\/bphcanada.com\/fr\/#website"},"datePublished":"2023-01-23T13:54:44+00:00","dateModified":"2023-04-14T20:57:54+00:00","description":"Merci","breadcrumb":{"@id":"https:\/\/bphcanada.com\/fr\/symptomes-questionnaire-contact-merci\/#breadcrumb"},"inLanguage":"fr-FR","potentialAction":[{"@type":"ReadAction","target":["https:\/\/bphcanada.com\/fr\/symptomes-questionnaire-contact-merci\/"]}]},{"@type":"BreadcrumbList","@id":"https:\/\/bphcanada.com\/fr\/symptomes-questionnaire-contact-merci\/#breadcrumb","itemListElement":[{"@type":"ListItem","position":1,"name":"Accueil","item":"https:\/\/bphcanada.com\/fr\/"},{"@type":"ListItem","position":2,"name":"SYMPTOM QUIZ CONTACT THANKS FR"}]},{"@type":"WebSite","@id":"https:\/\/bphcanada.com\/fr\/#website","url":"https:\/\/bphcanada.com\/fr\/","name":"BPH Canada","description":"BPH Canada","publisher":{"@id":"https:\/\/bphcanada.com\/fr\/#organization"},"potentialAction":[{"@type":"SearchAction","target":{"@type":"EntryPoint","urlTemplate":"https:\/\/bphcanada.com\/fr\/?s={search_term_string}"},"query-input":{"@type":"PropertyValueSpecification","valueRequired":true,"valueName":"search_term_string"}}],"inLanguage":"fr-FR"},{"@type":"Organization","@id":"https:\/\/bphcanada.com\/fr\/#organization","name":"BPH Canada Clinic","url":"https:\/\/bphcanada.com\/fr\/","logo":{"@type":"ImageObject","inLanguage":"fr-FR","@id":"https:\/\/bphcanada.com\/fr\/#\/schema\/logo\/image\/","url":"https:\/\/bphcanada.com\/wp-content\/uploads\/2023\/01\/BPH-Logo_Color.svg","contentUrl":"https:\/\/bphcanada.com\/wp-content\/uploads\/2023\/01\/BPH-Logo_Color.svg","width":791,"height":168,"caption":"BPH Canada Clinic"},"image":{"@id":"https:\/\/bphcanada.com\/fr\/#\/schema\/logo\/image\/"}}]}},"_links":{"self":[{"href":"https:\/\/bphcanada.com\/fr\/wp-json\/wp\/v2\/pages\/1880","targetHints":{"allow":["GET"]}}],"collection":[{"href":"https:\/\/bphcanada.com\/fr\/wp-json\/wp\/v2\/pages"}],"about":[{"href":"https:\/\/bphcanada.com\/fr\/wp-json\/wp\/v2\/types\/page"}],"author":[{"embeddable":true,"href":"https:\/\/bphcanada.com\/fr\/wp-json\/wp\/v2\/users\/1"}],"replies":[{"embeddable":true,"href":"https:\/\/bphcanada.com\/fr\/wp-json\/wp\/v2\/comments?post=1880"}],"version-history":[{"count":8,"href":"https:\/\/bphcanada.com\/fr\/wp-json\/wp\/v2\/pages\/1880\/revisions"}],"predecessor-version":[{"id":2733,"href":"https:\/\/bphcanada.com\/fr\/wp-json\/wp\/v2\/pages\/1880\/revisions\/2733"}],"wp:attachment":[{"href":"https:\/\/bphcanada.com\/fr\/wp-json\/wp\/v2\/media?parent=1880"}],"curies":[{"name":"wp","href":"https:\/\/api.w.org\/{rel}","templated":true}]}}